{"id":82,"date":"2014-06-05T17:02:48","date_gmt":"2014-06-05T15:02:48","guid":{"rendered":"http:\/\/messico.evolutiontravel.it\/infovacanze\/?page_id=82"},"modified":"2019-01-22T10:35:53","modified_gmt":"2019-01-22T09:35:53","slug":"messico-viaggi","status":"publish","type":"page","link":"https:\/\/messico.evolutiontravel.it\/infovacanze\/messico-viaggi\/","title":{"rendered":"Che tipo di vacanza fare in Messico?"},"content":{"rendered":"<p style=\"text-align: justify\">Il Messico offre <strong>tante occasioni per fare viaggi<\/strong> diversi e per tutte le tasche: <strong>avventurosi<\/strong>, <strong>relax<\/strong>, <strong>escursioni<\/strong> alla scoperta dell&#8217;<strong>archeologia<\/strong> e moltro altro ancora. Foreste e di antiche rovine, deserti assolati per raggiunre citt\u00e0 perdute ma anche e soprattutto <a href=\"https:\/\/messico.evolutiontravel.it\/infovacanze\/cosa-vedere\/spiagge\/\">mare e spiagge<\/a><\/p>\n<p style=\"text-align: justify\"><strong>Clicca sul tipo di viaggio che ti interessa<\/strong> per vedere tutti i dettagli e scegliere la vacanza ideale per te o per la tua famiglia:<\/p>\n<ol>\n<li><a title=\"riserve naturali messico\" href=\"https:\/\/messico.evolutiontravel.it\/infovacanze\/cosa-vedere\/biosfera\/\">escursioni alle riserve naturali<\/a><\/li>\n<li><a title=\"viaggi organizzati in messico\" href=\"https:\/\/messico.evolutiontravel.it\/infovacanze\/messico-viaggi\/viaggi-organizzati\/\">viaggi organizzati<\/a><\/li>\n<li><a title=\"viaggi di nozze in messico\" href=\"https:\/\/messico.evolutiontravel.it\/infovacanze\/messico-viaggi\/nozze\/\">viaggi di nozze<\/a><\/li>\n<li><a title=\"siti archeologici messico\" href=\"https:\/\/messico.evolutiontravel.it\/infovacanze\/informazioni\/siti-archeologici\/\">escursioni ai siti archeologici<\/a><\/li>\n<\/ol>\n<p>Ad ogni modo il primo consiglio \u00e8 <strong><a href=\"https:\/\/messico.evolutiontravel.it\/infovacanze\/quando-andare\/\">scegliere il periodo<\/a><\/strong> e in base a quello <strong>poi<a href=\"https:\/\/messico.evolutiontravel.it\/infovacanze\/cosa-vedere\/\"> la zona<\/a><\/strong>, perch\u00e8 il Messico \u00e8 grande e vederlo tutto in un paio di settimane \u00e8 impossibile. Deciso il periodo in base alle vostre ferie\/vacanze allora scegliete cosa fare.<\/p>\n<div id=\"attachment_286\" style=\"width: 410px\" class=\"wp-caption alignright\"><img loading=\"lazy\" decoding=\"async\" aria-describedby=\"caption-attachment-286\" class=\"wp-image-286 size-full\" src=\"https:\/\/messico.evolutiontravel.it\/infovacanze\/wp-content\/uploads\/sites\/26\/2017\/04\/Akumal-spiaggia.jpg\" alt=\"Akumal\" width=\"400\" height=\"265\" srcset=\"https:\/\/messico.evolutiontravel.it\/infovacanze\/wp-content\/uploads\/sites\/26\/2017\/04\/Akumal-spiaggia.jpg 400w, https:\/\/messico.evolutiontravel.it\/infovacanze\/wp-content\/uploads\/sites\/26\/2017\/04\/Akumal-spiaggia-300x199.jpg 300w\" sizes=\"(max-width: 400px) 100vw, 400px\" \/><p id=\"caption-attachment-286\" class=\"wp-caption-text\">Akumal<\/p><\/div>\n<h2>Messico &amp; Mare<\/h2>\n<p style=\"text-align: justify\">Chi vuole <strong>relax, mare e sole<\/strong>, trover\u00e0 destinazioni ideali quali:<\/p>\n<ul>\n<li style=\"text-align: justify\"><a href=\"https:\/\/messico.evolutiontravel.it\/infovacanze\/quando-andare\/quando-andare-tulum\/\">Tulum<\/a><\/li>\n<li style=\"text-align: justify\"><a href=\"https:\/\/messico.evolutiontravel.it\/infovacanze\/cosa-vedere\/cancun\/\">Cancun <\/a><\/li>\n<li style=\"text-align: justify\">Playa del Caemen<\/li>\n<li><a href=\"https:\/\/messico.evolutiontravel.it\/infovacanze\/quando-andare\/quando-andare-akumal\/\">Akumal<\/a><\/li>\n<\/ul>\n<h2>Messico &amp; Archeologia<\/h2>\n<p style=\"text-align: justify\">Chi ama <strong>i viaggi all\u2019insegna dell\u2019avventura<\/strong> potr\u00e0 visitare i <a href=\"https:\/\/messico.evolutiontravel.it\/infovacanze\/informazioni\/siti-archeologici\/\"><strong>siti archeologici<\/strong> <\/a>quali: Tulum, Palenque, Tikal, Cop\u00e1 e Teotihuac\u00e1n che rappresentano dei veri e propri <strong>gioielli della storia Maya<\/strong>, giunti fino a noi in condizioni eccezionali.<\/p>\n<p>&nbsp;<\/p>\n<p>Il <strong>nostro consulente di viaggio<\/strong> potr\u00e0 aiutarti nella ricerca e nella pianificazione dell\u2019itinerario pi\u00f9 adatto proponendoti soluzioni interessanti ed economiche oppure puoi <strong><span style=\"color: #339966\">SUBITO VEDERE LE MIGLIORI OFFERTE!<\/span><\/strong><\/p>\n<p>&nbsp;<\/p>\n<h3 style=\"text-align: center\">Offerte viaggi e vacanze in Messico con Evolution Travel<\/h3>\n<p style=\"text-align: center\">Non farti sfuggire le <strong>OCCASIONI DI RISPARMIO. <\/strong><\/p>\n<p style=\"text-align: center\"><span style=\"color: #339966\"><strong>CLICCA E SCOPRI: <\/strong><\/span><strong>programma<\/strong> del viaggio,<strong> foto<\/strong>, <strong>commenti<\/strong>, <strong>destinazioni<\/strong>..<\/p>\n<p style=\"text-align: center\"><strong><span style=\"color: #339966\">MENO DI 1000 EURO!<\/span><\/strong><\/p>\n<div class=\"feedzy-653810513ede8e32c231fb4de64018ba feedzy-rss\">\n\t\t<ul class=\"feedzy-style2\">\n\t\t\t\t\t<li  style=\"padding: 23px 0 38px\" class=\"rss_item feedzy-rss-col-3\" >\n\t\t\t\t\t\t\t\t\t<div class=\"rss_image\" style=\"width:225px; height:225px;\">\n\t\t\t\t\t\t<a href=\"https:\/\/messico.evolutiontravel.it\/it_IT\/903\/tab\/31796_hotel-holbox-dream-3-stelle.html\" target=\"_blank\" \n\t\t\t\t\t\t\trel=\"noopener \"\n\t\t\t\t\t\t\ttitle=\"Hotel Holbox Dream 3 Stelle\"\n\t\t\t\t\t\t\tstyle=\"width:225px; height:225px;\">\n\t\t\t\t\t\t\t<span class=\"fetched\" style=\"background-image:  url('http:\/\/etcdn.net\/thumbnails\/31796\/it-holbox-hotel-holbox-dream-3-stelle-6ab79.jpg');\" title=\"Hotel Holbox Dream 3 Stelle\"><\/span><amp-img width=\"225\" height=\"225\" src=\"http:\/\/etcdn.net\/thumbnails\/31796\/it-holbox-hotel-holbox-dream-3-stelle-6ab79.jpg\">\t\t\t\t\t\t<\/a>\n\t\t\t\t\t<\/div>\n\t\t\t\t\t\t\t\t<div class=\"rss_content_wrap\">\n\t\t\t\t\t<span class=\"title\">\n\t\t\t\t\t\t<a href=\"https:\/\/messico.evolutiontravel.it\/it_IT\/903\/tab\/31796_hotel-holbox-dream-3-stelle.html\" target=\"_blank\"  rel=\"noopener \">\n\t\t\t\t\t\t\tHotel Holbox Dream 3 Stelle\t\t\t\t\t\t<\/a>\n\t\t\t\t\t<\/span>\n\t\t\t\t\t<div class=\"rss_content\"\n\t\t\t\t\t\t\tstyle=\"\">\n\t\t\t\t\t\t\n\t\t\t\t\t\t\t\t\t\t\t\t<p class=\"description\">Questo piccolo resort a gestione italiana, recentemente costruito direttamente sulla bella spiaggia di sabbia bianca \u00e8 perfetto [&hellip;]<\/p>\n\t\t\t\t\t\t\n\t\t\t\t\t\t\t\t\t\t\t\t\t\t\t\t\t\t\t<div class=\"price-wrap\">\n\t\t\t\t\t\t\t\t<a href=\"https:\/\/messico.evolutiontravel.it\/it_IT\/903\/tab\/31796_hotel-holbox-dream-3-stelle.html\" target=\"_blank\" rel=\"noopener\"><button class=\"price\"> 329<\/button><\/a>\n\t\t\t\t\t\t\t<\/div>\n\t\t\t\t\t\t\t\t\t\t\t<\/div>\n\t\t\t\t<\/div>\n\t\t\t<\/li>\n\t\t\t\t\t\t<li  style=\"padding: 23px 0 38px\" class=\"rss_item feedzy-rss-col-3\" >\n\t\t\t\t\t\t\t\t\t<div class=\"rss_image\" style=\"width:225px; height:225px;\">\n\t\t\t\t\t\t<a href=\"https:\/\/messico.evolutiontravel.it\/it_IT\/903\/tab\/33068_hotel-bahia-chac-chi-3-stelle.html\" target=\"_blank\" \n\t\t\t\t\t\t\trel=\"noopener \"\n\t\t\t\t\t\t\ttitle=\"Hotel Bahia Chac Chi 3 stelle\"\n\t\t\t\t\t\t\tstyle=\"width:225px; height:225px;\">\n\t\t\t\t\t\t\t<span class=\"fetched\" style=\"background-image:  url('http:\/\/etcdn.net\/thumbnails\/33068\/it-isla-mujeres-hotel-bahia-chac-chi-4-stelle-6ab81.jpg');\" title=\"Hotel Bahia Chac Chi 3 stelle\"><\/span><amp-img width=\"225\" height=\"225\" src=\"http:\/\/etcdn.net\/thumbnails\/33068\/it-isla-mujeres-hotel-bahia-chac-chi-4-stelle-6ab81.jpg\">\t\t\t\t\t\t<\/a>\n\t\t\t\t\t<\/div>\n\t\t\t\t\t\t\t\t<div class=\"rss_content_wrap\">\n\t\t\t\t\t<span class=\"title\">\n\t\t\t\t\t\t<a href=\"https:\/\/messico.evolutiontravel.it\/it_IT\/903\/tab\/33068_hotel-bahia-chac-chi-3-stelle.html\" target=\"_blank\"  rel=\"noopener \">\n\t\t\t\t\t\t\tHotel Bahia Chac Chi 3 stelle\t\t\t\t\t\t<\/a>\n\t\t\t\t\t<\/span>\n\t\t\t\t\t<div class=\"rss_content\"\n\t\t\t\t\t\t\tstyle=\"\">\n\t\t\t\t\t\t\n\t\t\t\t\t\t\t\t\t\t\t\t<p class=\"description\">L'hotel \u00e8 raggiungibile con un trasferimento in barca di circa 30 minuti. A pochi passi dall\u2019incantevole baia, da eccellenti [&hellip;]<\/p>\n\t\t\t\t\t\t\n\t\t\t\t\t\t\t\t\t\t\t\t\t\t\t\t\t\t\t<div class=\"price-wrap\">\n\t\t\t\t\t\t\t\t<a href=\"https:\/\/messico.evolutiontravel.it\/it_IT\/903\/tab\/33068_hotel-bahia-chac-chi-3-stelle.html\" target=\"_blank\" rel=\"noopener\"><button class=\"price\"> 299<\/button><\/a>\n\t\t\t\t\t\t\t<\/div>\n\t\t\t\t\t\t\t\t\t\t\t<\/div>\n\t\t\t\t<\/div>\n\t\t\t<\/li>\n\t\t\t\t\t\t<li  style=\"padding: 23px 0 38px\" class=\"rss_item feedzy-rss-col-3\" >\n\t\t\t\t\t\t\t\t\t<div class=\"rss_image\" style=\"width:225px; height:225px;\">\n\t\t\t\t\t\t<a href=\"https:\/\/messico.evolutiontravel.it\/it_IT\/903\/tab\/37095_yucatan-chiapas-smartin-liberta.html\" target=\"_blank\" \n\t\t\t\t\t\t\trel=\"noopener \"\n\t\t\t\t\t\t\ttitle=\"Yucatan &amp; Chiapas Smart...in Libert\u00e0\"\n\t\t\t\t\t\t\tstyle=\"width:225px; height:225px;\">\n\t\t\t\t\t\t\t<span class=\"fetched\" style=\"background-image:  url('http:\/\/etcdn.net\/thumbnails\/36383\/it-cancun-fly-drive-yucatan-chiapas-64de8.jpg');\" title=\"Yucatan &amp; Chiapas Smart...in Libert\u00e0\"><\/span><amp-img width=\"225\" height=\"225\" src=\"http:\/\/etcdn.net\/thumbnails\/36383\/it-cancun-fly-drive-yucatan-chiapas-64de8.jpg\">\t\t\t\t\t\t<\/a>\n\t\t\t\t\t<\/div>\n\t\t\t\t\t\t\t\t<div class=\"rss_content_wrap\">\n\t\t\t\t\t<span class=\"title\">\n\t\t\t\t\t\t<a href=\"https:\/\/messico.evolutiontravel.it\/it_IT\/903\/tab\/37095_yucatan-chiapas-smartin-liberta.html\" target=\"_blank\"  rel=\"noopener \">\n\t\t\t\t\t\t\tYucatan &amp; Chiapas Smart...in Libert\u00e0\t\t\t\t\t\t<\/a>\n\t\t\t\t\t<\/span>\n\t\t\t\t\t<div class=\"rss_content\"\n\t\t\t\t\t\t\tstyle=\"\">\n\t\t\t\t\t\t\n\t\t\t\t\t\t\t\t\t\t\t\t<p class=\"description\">Il migliore itinerario per gli amanti del self drive, un viaggio che percorre i fantastici paesaggi del\u00a0Chiapas e dello [&hellip;]<\/p>\n\t\t\t\t\t\t\n\t\t\t\t\t\t\t\t\t\t\t\t\t\t\t\t\t\t\t<div class=\"price-wrap\">\n\t\t\t\t\t\t\t\t<a href=\"https:\/\/messico.evolutiontravel.it\/it_IT\/903\/tab\/37095_yucatan-chiapas-smartin-liberta.html\" target=\"_blank\" rel=\"noopener\"><button class=\"price\"> 829<\/button><\/a>\n\t\t\t\t\t\t\t<\/div>\n\t\t\t\t\t\t\t\t\t\t\t<\/div>\n\t\t\t\t<\/div>\n\t\t\t<\/li>\n\t\t\t\t\t\t<li  style=\"padding: 23px 0 38px\" class=\"rss_item feedzy-rss-col-3\" >\n\t\t\t\t\t\t\t\t\t<div class=\"rss_image\" style=\"width:225px; height:225px;\">\n\t\t\t\t\t\t<a href=\"https:\/\/messico.evolutiontravel.it\/it_IT\/903\/tab\/37062_natura-e-cultura-mexicana.html\" target=\"_blank\" \n\t\t\t\t\t\t\trel=\"noopener \"\n\t\t\t\t\t\t\ttitle=\"Natura e Cultura Mexicana\"\n\t\t\t\t\t\t\tstyle=\"width:225px; height:225px;\">\n\t\t\t\t\t\t\t<span class=\"fetched\" style=\"background-image:  url('http:\/\/etcdn.net\/thumbnails\/37062\/it-cancun-natura-e-cultura-mexicana-6ab60.jpg');\" title=\"Natura e Cultura Mexicana\"><\/span><amp-img width=\"225\" height=\"225\" src=\"http:\/\/etcdn.net\/thumbnails\/37062\/it-cancun-natura-e-cultura-mexicana-6ab60.jpg\">\t\t\t\t\t\t<\/a>\n\t\t\t\t\t<\/div>\n\t\t\t\t\t\t\t\t<div class=\"rss_content_wrap\">\n\t\t\t\t\t<span class=\"title\">\n\t\t\t\t\t\t<a href=\"https:\/\/messico.evolutiontravel.it\/it_IT\/903\/tab\/37062_natura-e-cultura-mexicana.html\" target=\"_blank\"  rel=\"noopener \">\n\t\t\t\t\t\t\tNatura e Cultura Mexicana\t\t\t\t\t\t<\/a>\n\t\t\t\t\t<\/span>\n\t\t\t\t\t<div class=\"rss_content\"\n\t\t\t\t\t\t\tstyle=\"\">\n\t\t\t\t\t\t\n\t\t\t\t\t\t\t\t\t\t\t\t<p class=\"description\">Il migliore itinerario per gli amanti del self drive, un viaggio che percorre i fantastici paesaggi del\u00a0Chiapas e dello [&hellip;]<\/p>\n\t\t\t\t\t\t\n\t\t\t\t\t\t\t\t\t\t\t\t\t\t\t\t\t\t\t<div class=\"price-wrap\">\n\t\t\t\t\t\t\t\t<a href=\"https:\/\/messico.evolutiontravel.it\/it_IT\/903\/tab\/37062_natura-e-cultura-mexicana.html\" target=\"_blank\" rel=\"noopener\"><button class=\"price\"> 959<\/button><\/a>\n\t\t\t\t\t\t\t<\/div>\n\t\t\t\t\t\t\t\t\t\t\t<\/div>\n\t\t\t\t<\/div>\n\t\t\t<\/li>\n\t\t\t\t<\/ul>\n<\/div>\n<style type=\"text\/css\" media=\"all\">.feedzy-rss .rss_item .rss_image{float:left;position:relative;border:none;text-decoration:none;max-width:100%}.feedzy-rss .rss_item .rss_image span{display:inline-block;position:absolute;width:100%;height:100%;background-position:50%;background-size:cover}.feedzy-rss .rss_item .rss_image{margin:.3em 1em 0 0;content-visibility:auto}.feedzy-rss ul{list-style:none}.feedzy-rss ul li{display:inline-block}<\/style>\n","protected":false},"excerpt":{"rendered":"<p>Il Messico offre tante occasioni per fare viaggi diversi e per tutte le tasche: avventurosi, relax, escursioni alla scoperta dell&#8217;archeologia e moltro altro ancora. Foreste e di antiche rovine, deserti assolati per raggiunre citt\u00e0 perdute ma anche e soprattutto mare e spiagge Clicca sul tipo di viaggio che ti interessa per vedere tutti i dettagli <a class=\"moretag\" href=\"https:\/\/messico.evolutiontravel.it\/infovacanze\/messico-viaggi\/\">[&#8230;]<\/a><\/p>\n","protected":false},"author":6,"featured_media":0,"parent":0,"menu_order":0,"comment_status":"closed","ping_status":"open","template":"templates\/template-with-right-sidebar.php","meta":{"footnotes":""},"yoast_head":"<!-- This site is optimized with the Yoast SEO plugin v21.9.1 - https:\/\/yoast.com\/wordpress\/plugins\/seo\/ -->\n<title>4 tipi di viaggio in Messico per tutti e per tutte le tasche - Speciale Messico<\/title>\n<meta name=\"description\" content=\"Scopri i tipi di viaggio che puoi fare in Messico e richiedi subito le nostre offerte: viaggi relax tra mare e spiagge, avventura ed escursioni!\" \/>\n<meta name=\"robots\" content=\"index, follow, max-snippet:-1, max-image-preview:large, max-video-preview:-1\" \/>\n<link rel=\"canonical\" href=\"https:\/\/messico.evolutiontravel.it\/infovacanze\/messico-viaggi\/\" \/>\n<meta property=\"og:locale\" content=\"it_IT\" \/>\n<meta property=\"og:type\" content=\"article\" \/>\n<meta property=\"og:title\" content=\"4 tipi di viaggio in Messico per tutti e per tutte le tasche - Speciale Messico\" \/>\n<meta property=\"og:description\" content=\"Scopri i tipi di viaggio che puoi fare in Messico e richiedi subito le nostre offerte: viaggi relax tra mare e spiagge, avventura ed escursioni!\" \/>\n<meta property=\"og:url\" content=\"https:\/\/messico.evolutiontravel.it\/infovacanze\/messico-viaggi\/\" \/>\n<meta property=\"og:site_name\" content=\"Messico\" \/>\n<meta property=\"article:modified_time\" content=\"2019-01-22T09:35:53+00:00\" \/>\n<meta property=\"og:image\" content=\"https:\/\/messico.evolutiontravel.it\/infovacanze\/wp-content\/uploads\/sites\/26\/2017\/04\/Akumal-spiaggia.jpg\" \/>\n<meta name=\"twitter:label1\" content=\"Tempo di lettura stimato\" \/>\n\t<meta name=\"twitter:data1\" content=\"1 minuto\" \/>\n<script type=\"application\/ld+json\" class=\"yoast-schema-graph\">{\"@context\":\"https:\/\/schema.org\",\"@graph\":[{\"@type\":\"WebPage\",\"@id\":\"https:\/\/messico.evolutiontravel.it\/infovacanze\/messico-viaggi\/\",\"url\":\"https:\/\/messico.evolutiontravel.it\/infovacanze\/messico-viaggi\/\",\"name\":\"4 tipi di viaggio in Messico per tutti e per tutte le tasche - Speciale Messico\",\"isPartOf\":{\"@id\":\"https:\/\/messico.evolutiontravel.it\/infovacanze\/#website\"},\"datePublished\":\"2014-06-05T15:02:48+00:00\",\"dateModified\":\"2019-01-22T09:35:53+00:00\",\"description\":\"Scopri i tipi di viaggio che puoi fare in Messico e richiedi subito le nostre offerte: viaggi relax tra mare e spiagge, avventura ed escursioni!\",\"inLanguage\":\"it-IT\",\"potentialAction\":[{\"@type\":\"ReadAction\",\"target\":[\"https:\/\/messico.evolutiontravel.it\/infovacanze\/messico-viaggi\/\"]}]},{\"@type\":\"WebSite\",\"@id\":\"https:\/\/messico.evolutiontravel.it\/infovacanze\/#website\",\"url\":\"https:\/\/messico.evolutiontravel.it\/infovacanze\/\",\"name\":\"Messico\",\"description\":\"\",\"potentialAction\":[{\"@type\":\"SearchAction\",\"target\":{\"@type\":\"EntryPoint\",\"urlTemplate\":\"https:\/\/messico.evolutiontravel.it\/infovacanze\/?s={search_term_string}\"},\"query-input\":\"required name=search_term_string\"}],\"inLanguage\":\"it-IT\"}]}<\/script>\n<!-- \/ Yoast SEO plugin. -->","yoast_head_json":{"title":"4 tipi di viaggio in Messico per tutti e per tutte le tasche - Speciale Messico","description":"Scopri i tipi di viaggio che puoi fare in Messico e richiedi subito le nostre offerte: viaggi relax tra mare e spiagge, avventura ed escursioni!","robots":{"index":"index","follow":"follow","max-snippet":"max-snippet:-1","max-image-preview":"max-image-preview:large","max-video-preview":"max-video-preview:-1"},"canonical":"https:\/\/messico.evolutiontravel.it\/infovacanze\/messico-viaggi\/","og_locale":"it_IT","og_type":"article","og_title":"4 tipi di viaggio in Messico per tutti e per tutte le tasche - Speciale Messico","og_description":"Scopri i tipi di viaggio che puoi fare in Messico e richiedi subito le nostre offerte: viaggi relax tra mare e spiagge, avventura ed escursioni!","og_url":"https:\/\/messico.evolutiontravel.it\/infovacanze\/messico-viaggi\/","og_site_name":"Messico","article_modified_time":"2019-01-22T09:35:53+00:00","og_image":[{"url":"https:\/\/messico.evolutiontravel.it\/infovacanze\/wp-content\/uploads\/sites\/26\/2017\/04\/Akumal-spiaggia.jpg"}],"twitter_misc":{"Tempo di lettura stimato":"1 minuto"},"schema":{"@context":"https:\/\/schema.org","@graph":[{"@type":"WebPage","@id":"https:\/\/messico.evolutiontravel.it\/infovacanze\/messico-viaggi\/","url":"https:\/\/messico.evolutiontravel.it\/infovacanze\/messico-viaggi\/","name":"4 tipi di viaggio in Messico per tutti e per tutte le tasche - Speciale Messico","isPartOf":{"@id":"https:\/\/messico.evolutiontravel.it\/infovacanze\/#website"},"datePublished":"2014-06-05T15:02:48+00:00","dateModified":"2019-01-22T09:35:53+00:00","description":"Scopri i tipi di viaggio che puoi fare in Messico e richiedi subito le nostre offerte: viaggi relax tra mare e spiagge, avventura ed escursioni!","inLanguage":"it-IT","potentialAction":[{"@type":"ReadAction","target":["https:\/\/messico.evolutiontravel.it\/infovacanze\/messico-viaggi\/"]}]},{"@type":"WebSite","@id":"https:\/\/messico.evolutiontravel.it\/infovacanze\/#website","url":"https:\/\/messico.evolutiontravel.it\/infovacanze\/","name":"Messico","description":"","potentialAction":[{"@type":"SearchAction","target":{"@type":"EntryPoint","urlTemplate":"https:\/\/messico.evolutiontravel.it\/infovacanze\/?s={search_term_string}"},"query-input":"required name=search_term_string"}],"inLanguage":"it-IT"}]}},"_links":{"self":[{"href":"https:\/\/messico.evolutiontravel.it\/infovacanze\/wp-json\/wp\/v2\/pages\/82"}],"collection":[{"href":"https:\/\/messico.evolutiontravel.it\/infovacanze\/wp-json\/wp\/v2\/pages"}],"about":[{"href":"https:\/\/messico.evolutiontravel.it\/infovacanze\/wp-json\/wp\/v2\/types\/page"}],"author":[{"embeddable":true,"href":"https:\/\/messico.evolutiontravel.it\/infovacanze\/wp-json\/wp\/v2\/users\/6"}],"replies":[{"embeddable":true,"href":"https:\/\/messico.evolutiontravel.it\/infovacanze\/wp-json\/wp\/v2\/comments?post=82"}],"version-history":[{"count":22,"href":"https:\/\/messico.evolutiontravel.it\/infovacanze\/wp-json\/wp\/v2\/pages\/82\/revisions"}],"predecessor-version":[{"id":618,"href":"https:\/\/messico.evolutiontravel.it\/infovacanze\/wp-json\/wp\/v2\/pages\/82\/revisions\/618"}],"wp:attachment":[{"href":"https:\/\/messico.evolutiontravel.it\/infovacanze\/wp-json\/wp\/v2\/media?parent=82"}],"curies":[{"name":"wp","href":"https:\/\/api.w.org\/{rel}","templated":true}]}}