{"id":470,"date":"2018-02-27T10:33:29","date_gmt":"2018-02-27T09:33:29","guid":{"rendered":"http:\/\/messico.evolutiontravel.it\/infovacanze\/?page_id=470"},"modified":"2019-01-17T15:11:00","modified_gmt":"2019-01-17T14:11:00","slug":"chiapas","status":"publish","type":"page","link":"https:\/\/messico.evolutiontravel.it\/infovacanze\/cosa-vedere\/chiapas\/","title":{"rendered":"Chiapas: ecco cosa vedere"},"content":{"rendered":"<p>Il <strong>Chiapas<\/strong> \u00e8 uno dei <strong>luoghi di interesse pi\u00f9 visitati <\/strong>del Messico meridionale. Qui ci sono molte <strong>cose da vedere<\/strong> e generalmente questo stato \u00e8 una tappa dell&#8217;itinerario che parte dallo <a href=\"https:\/\/messico.evolutiontravel.it\/infovacanze\/cosa-vedere\/yucatan\/\">Yucatan<\/a>.<\/p>\n<p>Una volta arrivati nel Chiapas <strong>consigliamo di visitare<\/strong>:<\/p>\n<ul>\n<li><strong>San Cristobal, <\/strong>una cittadina del XVI secolo: la Cattedrale de la Asunci\u00f3n e la chiesa di Santo Domingo.<\/li>\n<li><strong>Chiapa de Corzo<\/strong>, paese famoso per la fonte in stile arabo nella sua pizza principale.<\/li>\n<li>Il villaggio indigeno di <strong>San Juan Chamula<\/strong>, con la sua caratteristica chiesa verde acqua.<\/li>\n<li>il <strong>piccolo paesino di Zincant\u00e1n<\/strong>, a pochi chilometri da San Cristobal.<\/li>\n<li>A circa un&#8217;ora da San Cristobal, a Tuxtla Gutierrez, la capitale, c&#8217;\u00e8 il <strong>Giardino Zoologico Miguel Alv\u00e1rez del Toro<\/strong>.<\/li>\n<\/ul>\n<p>Avrete modo anche di fare <strong>escursioni immersi nella natura<\/strong>, nel Chiapas c&#8217;\u00e8 infatti il <strong>Canyon del Sumidero<\/strong>, con le pareti a picco sul fiume Rio Grijalva, <strong>il parco naturale Montes Azules<\/strong>, al confine con il Guatemala e <strong>il vulcano Tacan\u00e1 <\/strong>che svetta sulla Sierra Madre.<\/p>\n<p><img loading=\"lazy\" decoding=\"async\" class=\"alignright wp-image-19\" src=\"https:\/\/messico.evolutiontravel.it\/infovacanze\/wp-content\/uploads\/sites\/26\/2014\/05\/Cascada-El-Chifl\u00f3n-Chiapas-300x225.jpg\" alt=\"cascata parco Chiapas\" width=\"400\" height=\"300\" srcset=\"https:\/\/messico.evolutiontravel.it\/infovacanze\/wp-content\/uploads\/sites\/26\/2014\/05\/Cascada-El-Chifl\u00f3n-Chiapas-300x225.jpg 300w, https:\/\/messico.evolutiontravel.it\/infovacanze\/wp-content\/uploads\/sites\/26\/2014\/05\/Cascada-El-Chifl\u00f3n-Chiapas-400x300.jpg 400w, https:\/\/messico.evolutiontravel.it\/infovacanze\/wp-content\/uploads\/sites\/26\/2014\/05\/Cascada-El-Chifl\u00f3n-Chiapas.jpg 800w\" sizes=\"(max-width: 400px) 100vw, 400px\" \/>In una terra di montagne, foreste e fiumi non mancano <strong>le cascate<\/strong>: le spettacolari <strong>Agua Azul<\/strong> e <strong>Misol H\u00e1<\/strong> si trovano entrambe sulla strada che va da San Cristobal de Las Casas a Palenque. Infine, a 4000 metri d\u2019altezza.<\/p>\n<p>L\u2019altra grande ricchezza di questo stato sono <a href=\"https:\/\/messico.evolutiontravel.it\/infovacanze\/informazioni\/siti-archeologici\/\">i <strong>siti archeologici di epoca Maya,<\/strong><\/a> nel Chiapas ne segnaliamo 4:<\/p>\n<ol>\n<li><strong>Palenque<\/strong> dichiarato patrimonio UNESCO e raggiungibile da Tuxtla e da San Cristobal.<\/li>\n<li><strong>Yaxchilan, <\/strong>sul fiume Rio Usumacinta, raggiungibili solo per via fluviale.<\/li>\n<li><strong>Bonampak<\/strong>, noto per gli affreschi, si trova nella foresta Lacandona al confine con il Guatemala.<\/li>\n<li><strong>Tonin\u00e0<\/strong>, fortificazione alle pendici della Sierra, con <strong>una delle piramidi pi\u00f9 grandi della zona<\/strong>.<\/li>\n<\/ol>\n<p>&nbsp;<\/p>\n<p>&nbsp;<\/p>\n<h3 style=\"text-align: center\">&#8220;SPECIALE MESSICO&#8221; con Evolution Travel<\/h3>\n<p style=\"text-align: center\">\u00a0<strong><span style=\"color: #008000\">TUTTI I DETTAGLI DEL VIAGGIO<\/span><\/strong>: <strong>programma<\/strong>, <strong>foto<\/strong>, <strong>commenti<\/strong>, <strong>itinerari<\/strong>!<\/p>\n<p style=\"text-align: center\"><span style=\"color: #008000\"><strong>CLICCA SULLE OFFERTE E SCOPRI TUTTO E SUBITO<\/strong><\/span>!<\/p>\n<div class=\"feedzy-7c60cb1fdef6046b3dadcc9e81d86e1f feedzy-rss\">\n\t\t<ul class=\"feedzy-style2\">\n\t\t\t\t\t<li  style=\"padding: 23px 0 38px\" class=\"rss_item feedzy-rss-col-3\" >\n\t\t\t\t\t\t\t\t\t<div class=\"rss_image\" style=\"width:225px; height:225px;\">\n\t\t\t\t\t\t<a href=\"https:\/\/messico.evolutiontravel.it\/it_IT\/903\/tab\/40251_minitour-a-data-fissa-confermata-la-domenica-e-guida-in-italiano-in-esclusiva-yucatan-e-rio-lagarto.html\" target=\"_blank\" \n\t\t\t\t\t\t\trel=\"noopener \"\n\t\t\t\t\t\t\ttitle=\"Minitour a data fissa confermata la Domenica e Guida in Italiano in Esclusiva: Yucat\u00e1n e Rio Lagarto\"\n\t\t\t\t\t\t\tstyle=\"width:225px; height:225px;\">\n\t\t\t\t\t\t\t<span class=\"fetched\" style=\"background-image:  url('http:\/\/etcdn.net\/thumbnails\/40251\/it-cancun-minitour-yucatan-e-rio-lagartos-80455.jpg');\" title=\"Minitour a data fissa confermata la Domenica e Guida in Italiano in Esclusiva: Yucat\u00e1n e Rio Lagarto\"><\/span><amp-img width=\"225\" height=\"225\" src=\"http:\/\/etcdn.net\/thumbnails\/40251\/it-cancun-minitour-yucatan-e-rio-lagartos-80455.jpg\">\t\t\t\t\t\t<\/a>\n\t\t\t\t\t<\/div>\n\t\t\t\t\t\t\t\t<div class=\"rss_content_wrap\">\n\t\t\t\t\t<span class=\"title\">\n\t\t\t\t\t\t<a href=\"https:\/\/messico.evolutiontravel.it\/it_IT\/903\/tab\/40251_minitour-a-data-fissa-confermata-la-domenica-e-guida-in-italiano-in-esclusiva-yucatan-e-rio-lagarto.html\" target=\"_blank\"  rel=\"noopener \">\n\t\t\t\t\t\t\tMinitour a data fissa confermata la Domenica e Guida in Italiano in Esclusiva: Yucat\u00e1n e Rio Lagarto\t\t\t\t\t\t<\/a>\n\t\t\t\t\t<\/span>\n\t\t\t\t\t<div class=\"rss_content\"\n\t\t\t\t\t\t\tstyle=\"\">\n\t\t\t\t\t\t\n\t\t\t\t\t\t\t\t\t\t\t\t<p class=\"description\">MiniTour: Yucat\u00e1n e Rio Lagartos<\/p>\n\t\t\t\t\t\t\n\t\t\t\t\t\t\t\t\t\t\t\t\t\t\t\t\t\t\t<div class=\"price-wrap\">\n\t\t\t\t\t\t\t\t<a href=\"https:\/\/messico.evolutiontravel.it\/it_IT\/903\/tab\/40251_minitour-a-data-fissa-confermata-la-domenica-e-guida-in-italiano-in-esclusiva-yucatan-e-rio-lagarto.html\" target=\"_blank\" rel=\"noopener\"><button class=\"price\"> 1169<\/button><\/a>\n\t\t\t\t\t\t\t<\/div>\n\t\t\t\t\t\t\t\t\t\t\t<\/div>\n\t\t\t\t<\/div>\n\t\t\t<\/li>\n\t\t\t\t\t\t<li  style=\"padding: 23px 0 38px\" class=\"rss_item feedzy-rss-col-3\" >\n\t\t\t\t\t\t\t\t\t<div class=\"rss_image\" style=\"width:225px; height:225px;\">\n\t\t\t\t\t\t<a href=\"https:\/\/messico.evolutiontravel.it\/it_IT\/903\/tab\/29787_tour-a-data-fissa-confermata-il-mercoledi-e-guida-in-italiano-in-esclusiva-yucatan-chiapas.html\" target=\"_blank\" \n\t\t\t\t\t\t\trel=\"noopener \"\n\t\t\t\t\t\t\ttitle=\"Tour a data fissa confermata il Mercoled\u00ec e Guida in Italiano in Esclusiva: Yucat\u00e1n &amp; Chiapas\"\n\t\t\t\t\t\t\tstyle=\"width:225px; height:225px;\">\n\t\t\t\t\t\t\t<span class=\"fetched\" style=\"background-image:  url('http:\/\/etcdn.net\/thumbnails\/29787\/it-cancun-tour-individuale-chiapas-e-yucatan-6ab6f.jpg');\" title=\"Tour a data fissa confermata il Mercoled\u00ec e Guida in Italiano in Esclusiva: Yucat\u00e1n &amp; Chiapas\"><\/span><amp-img width=\"225\" height=\"225\" src=\"http:\/\/etcdn.net\/thumbnails\/29787\/it-cancun-tour-individuale-chiapas-e-yucatan-6ab6f.jpg\">\t\t\t\t\t\t<\/a>\n\t\t\t\t\t<\/div>\n\t\t\t\t\t\t\t\t<div class=\"rss_content_wrap\">\n\t\t\t\t\t<span class=\"title\">\n\t\t\t\t\t\t<a href=\"https:\/\/messico.evolutiontravel.it\/it_IT\/903\/tab\/29787_tour-a-data-fissa-confermata-il-mercoledi-e-guida-in-italiano-in-esclusiva-yucatan-chiapas.html\" target=\"_blank\"  rel=\"noopener \">\n\t\t\t\t\t\t\tTour a data fissa confermata il Mercoled\u00ec e Guida in Italiano in Esclusiva: Yucat\u00e1n &amp; Chiapas\t\t\t\t\t\t<\/a>\n\t\t\t\t\t<\/span>\n\t\t\t\t\t<div class=\"rss_content\"\n\t\t\t\t\t\t\tstyle=\"\">\n\t\t\t\t\t\t\n\t\t\t\t\t\t\t\t\t\t\t\t<p class=\"description\">Tour di gruppo, partenze a\u00a0date Fisse con minimo due persone,\u00a0Alla scoperta di Chiapas, Yucatan e Riti Magici.<\/p>\n\t\t\t\t\t\t\n\t\t\t\t\t\t\t\t\t\t\t\t\t\t\t\t\t\t\t<div class=\"price-wrap\">\n\t\t\t\t\t\t\t\t<a href=\"https:\/\/messico.evolutiontravel.it\/it_IT\/903\/tab\/29787_tour-a-data-fissa-confermata-il-mercoledi-e-guida-in-italiano-in-esclusiva-yucatan-chiapas.html\" target=\"_blank\" rel=\"noopener\"><button class=\"price\"> 1999<\/button><\/a>\n\t\t\t\t\t\t\t<\/div>\n\t\t\t\t\t\t\t\t\t\t\t<\/div>\n\t\t\t\t<\/div>\n\t\t\t<\/li>\n\t\t\t\t\t\t<li  style=\"padding: 23px 0 38px\" class=\"rss_item feedzy-rss-col-3\" >\n\t\t\t\t\t\t\t\t\t<div class=\"rss_image\" style=\"width:225px; height:225px;\">\n\t\t\t\t\t\t<a href=\"https:\/\/messico.evolutiontravel.it\/it_IT\/903\/tab\/39935_tour-di-gruppo-con-guida-in-italiano-in-esclusiva-dia-de-los-muertos-dal-28-ottobre-2026.html\" target=\"_blank\" \n\t\t\t\t\t\t\trel=\"noopener \"\n\t\t\t\t\t\t\ttitle=\"Tour di Gruppo con Guida in Italiano in Esclusiva: Dia de Los Muertos dal 28 Ottobre 2026\"\n\t\t\t\t\t\t\tstyle=\"width:225px; height:225px;\">\n\t\t\t\t\t\t\t<span class=\"fetched\" style=\"background-image:  url('http:\/\/etcdn.net\/thumbnails\/39935\/it-citta-del-messico-tour-di-gruppo-dia-de-los-muertots-partenza-escusiva-24-ottobre-2023-con-accompagnatore-dallitalia-7e33a.jpg');\" title=\"Tour di Gruppo con Guida in Italiano in Esclusiva: Dia de Los Muertos dal 28 Ottobre 2026\"><\/span><amp-img width=\"225\" height=\"225\" src=\"http:\/\/etcdn.net\/thumbnails\/39935\/it-citta-del-messico-tour-di-gruppo-dia-de-los-muertots-partenza-escusiva-24-ottobre-2023-con-accompagnatore-dallitalia-7e33a.jpg\">\t\t\t\t\t\t<\/a>\n\t\t\t\t\t<\/div>\n\t\t\t\t\t\t\t\t<div class=\"rss_content_wrap\">\n\t\t\t\t\t<span class=\"title\">\n\t\t\t\t\t\t<a href=\"https:\/\/messico.evolutiontravel.it\/it_IT\/903\/tab\/39935_tour-di-gruppo-con-guida-in-italiano-in-esclusiva-dia-de-los-muertos-dal-28-ottobre-2026.html\" target=\"_blank\"  rel=\"noopener \">\n\t\t\t\t\t\t\tTour di Gruppo con Guida in Italiano in Esclusiva: Dia de Los Muertos dal 28 Ottobre 2026\t\t\t\t\t\t<\/a>\n\t\t\t\t\t<\/span>\n\t\t\t\t\t<div class=\"rss_content\"\n\t\t\t\t\t\t\tstyle=\"\">\n\t\t\t\t\t\t\n\t\t\t\t\t\t\t\t\t\t\t\t<p class=\"description\">Dia de los Muertos<\/p>\n\t\t\t\t\t\t\n\t\t\t\t\t\t\t\t\t\t\t\t\t\t\t\t\t\t\t<div class=\"price-wrap\">\n\t\t\t\t\t\t\t\t<a href=\"https:\/\/messico.evolutiontravel.it\/it_IT\/903\/tab\/39935_tour-di-gruppo-con-guida-in-italiano-in-esclusiva-dia-de-los-muertos-dal-28-ottobre-2026.html\" target=\"_blank\" rel=\"noopener\"><button class=\"price\"> 2719<\/button><\/a>\n\t\t\t\t\t\t\t<\/div>\n\t\t\t\t\t\t\t\t\t\t\t<\/div>\n\t\t\t\t<\/div>\n\t\t\t<\/li>\n\t\t\t\t\t\t<li  style=\"padding: 23px 0 38px\" class=\"rss_item feedzy-rss-col-3\" >\n\t\t\t\t\t\t\t\t\t<div class=\"rss_image\" style=\"width:225px; height:225px;\">\n\t\t\t\t\t\t<a href=\"https:\/\/messico.evolutiontravel.it\/it_IT\/903\/tab\/3549_hotel-catalonia-playa-maroma.html\" target=\"_blank\" \n\t\t\t\t\t\t\trel=\"noopener \"\n\t\t\t\t\t\t\ttitle=\"Hotel Catalonia Playa Maroma\"\n\t\t\t\t\t\t\tstyle=\"width:225px; height:225px;\">\n\t\t\t\t\t\t\t<span class=\"fetched\" style=\"background-image:  url('http:\/\/etcdn.net\/thumbnails\/3549\/it-playa-maroma-hotel-catalonia-playa-maroma-4-stelle-4d13f.jpg');\" title=\"Hotel Catalonia Playa Maroma\"><\/span><amp-img width=\"225\" height=\"225\" src=\"http:\/\/etcdn.net\/thumbnails\/3549\/it-playa-maroma-hotel-catalonia-playa-maroma-4-stelle-4d13f.jpg\">\t\t\t\t\t\t<\/a>\n\t\t\t\t\t<\/div>\n\t\t\t\t\t\t\t\t<div class=\"rss_content_wrap\">\n\t\t\t\t\t<span class=\"title\">\n\t\t\t\t\t\t<a href=\"https:\/\/messico.evolutiontravel.it\/it_IT\/903\/tab\/3549_hotel-catalonia-playa-maroma.html\" target=\"_blank\"  rel=\"noopener \">\n\t\t\t\t\t\t\tHotel Catalonia Playa Maroma\t\t\t\t\t\t<\/a>\n\t\t\t\t\t<\/span>\n\t\t\t\t\t<div class=\"rss_content\"\n\t\t\t\t\t\t\tstyle=\"\">\n\t\t\t\t\t\t\n\t\t\t\t\t\t\t\t\t\t\t\t<p class=\"description\">E' un villaggio inserito in un contesto natuarale di rara belleza. Spiaggia bianchissima, mare cristallino, l'ideale per la tua [&hellip;]<\/p>\n\t\t\t\t\t\t\n\t\t\t\t\t\t\t\t\t\t\t\t\t\t\t\t\t\t\t<div class=\"price-wrap\">\n\t\t\t\t\t\t\t\t<a href=\"https:\/\/messico.evolutiontravel.it\/it_IT\/903\/tab\/3549_hotel-catalonia-playa-maroma.html\" target=\"_blank\" rel=\"noopener\"><button class=\"price\"> 1399<\/button><\/a>\n\t\t\t\t\t\t\t<\/div>\n\t\t\t\t\t\t\t\t\t\t\t<\/div>\n\t\t\t\t<\/div>\n\t\t\t<\/li>\n\t\t\t\t\t\t<li  style=\"padding: 23px 0 38px\" class=\"rss_item feedzy-rss-col-3\" >\n\t\t\t\t\t\t\t\t\t<div class=\"rss_image\" style=\"width:225px; height:225px;\">\n\t\t\t\t\t\t<a href=\"https:\/\/messico.evolutiontravel.it\/it_IT\/903\/tab\/41055_tour-di-gruppo-dia-de-los-muertos-partenza-esclusiva-30-ottobre-2026.html\" target=\"_blank\" \n\t\t\t\t\t\t\trel=\"noopener \"\n\t\t\t\t\t\t\ttitle=\"Tour di Gruppo: Dia de Los Muertos Partenza Esclusiva 30 Ottobre 2026\"\n\t\t\t\t\t\t\tstyle=\"width:225px; height:225px;\">\n\t\t\t\t\t\t\t<span class=\"fetched\" style=\"background-image:  url('http:\/\/etcdn.net\/thumbnails\/39935\/it-citta-del-messico-tour-di-gruppo-dia-de-los-muertos-partenza-esclusiva-30-ottobre-2025-8473f.jpg');\" title=\"Tour di Gruppo: Dia de Los Muertos Partenza Esclusiva 30 Ottobre 2026\"><\/span><amp-img width=\"225\" height=\"225\" src=\"http:\/\/etcdn.net\/thumbnails\/39935\/it-citta-del-messico-tour-di-gruppo-dia-de-los-muertos-partenza-esclusiva-30-ottobre-2025-8473f.jpg\">\t\t\t\t\t\t<\/a>\n\t\t\t\t\t<\/div>\n\t\t\t\t\t\t\t\t<div class=\"rss_content_wrap\">\n\t\t\t\t\t<span class=\"title\">\n\t\t\t\t\t\t<a href=\"https:\/\/messico.evolutiontravel.it\/it_IT\/903\/tab\/41055_tour-di-gruppo-dia-de-los-muertos-partenza-esclusiva-30-ottobre-2026.html\" target=\"_blank\"  rel=\"noopener \">\n\t\t\t\t\t\t\tTour di Gruppo: Dia de Los Muertos Partenza Esclusiva 30 Ottobre 2026\t\t\t\t\t\t<\/a>\n\t\t\t\t\t<\/span>\n\t\t\t\t\t<div class=\"rss_content\"\n\t\t\t\t\t\t\tstyle=\"\">\n\t\t\t\t\t\t\n\t\t\t\t\t\t\t\t\t\t\t\t<p class=\"description\">Dia de los Muertos<\/p>\n\t\t\t\t\t\t\n\t\t\t\t\t\t\t\t\t\t\t\t\t\t\t\t\t\t\t<div class=\"price-wrap\">\n\t\t\t\t\t\t\t\t<a href=\"https:\/\/messico.evolutiontravel.it\/it_IT\/903\/tab\/41055_tour-di-gruppo-dia-de-los-muertos-partenza-esclusiva-30-ottobre-2026.html\" target=\"_blank\" rel=\"noopener\"><button class=\"price\"> 2169<\/button><\/a>\n\t\t\t\t\t\t\t<\/div>\n\t\t\t\t\t\t\t\t\t\t\t<\/div>\n\t\t\t\t<\/div>\n\t\t\t<\/li>\n\t\t\t\t\t\t<li  style=\"padding: 23px 0 38px\" class=\"rss_item feedzy-rss-col-3\" >\n\t\t\t\t\t\t\t\t\t<div class=\"rss_image\" style=\"width:225px; height:225px;\">\n\t\t\t\t\t\t<a href=\"https:\/\/messico.evolutiontravel.it\/it_IT\/903\/tab\/36937_tour-del-mondo-indigeno-e-archeologico-messicano-tour-partenza-garantita-a-date-fisse.html\" target=\"_blank\" \n\t\t\t\t\t\t\trel=\"noopener \"\n\t\t\t\t\t\t\ttitle=\"Tour del mondo indigeno e archeologico messicano. Tour partenza garantita a date fisse\"\n\t\t\t\t\t\t\tstyle=\"width:225px; height:225px;\">\n\t\t\t\t\t\t\t<span class=\"fetched\" style=\"background-image:  url('http:\/\/etcdn.net\/thumbnails\/36937\/it-citta-del-messico-tour-del-mondo-indigeno-e-archeologico-messicano-803c9.jpg');\" title=\"Tour del mondo indigeno e archeologico messicano. Tour partenza garantita a date fisse\"><\/span><amp-img width=\"225\" height=\"225\" src=\"http:\/\/etcdn.net\/thumbnails\/36937\/it-citta-del-messico-tour-del-mondo-indigeno-e-archeologico-messicano-803c9.jpg\">\t\t\t\t\t\t<\/a>\n\t\t\t\t\t<\/div>\n\t\t\t\t\t\t\t\t<div class=\"rss_content_wrap\">\n\t\t\t\t\t<span class=\"title\">\n\t\t\t\t\t\t<a href=\"https:\/\/messico.evolutiontravel.it\/it_IT\/903\/tab\/36937_tour-del-mondo-indigeno-e-archeologico-messicano-tour-partenza-garantita-a-date-fisse.html\" target=\"_blank\"  rel=\"noopener \">\n\t\t\t\t\t\t\tTour del mondo indigeno e archeologico messicano. Tour partenza garantita a date fisse\t\t\t\t\t\t<\/a>\n\t\t\t\t\t<\/span>\n\t\t\t\t\t<div class=\"rss_content\"\n\t\t\t\t\t\t\tstyle=\"\">\n\t\t\t\t\t\t\n\t\t\t\t\t\t\t\t\t\t\t\t<p class=\"description\">Tour individuale e\/o di gruppo\u00a0con partenze a data fissa con guida parlante italiano!!<\/p>\n\t\t\t\t\t\t\n\t\t\t\t\t\t\t\t\t\t\t\t\t\t\t\t\t\t\t<div class=\"price-wrap\">\n\t\t\t\t\t\t\t\t<a href=\"https:\/\/messico.evolutiontravel.it\/it_IT\/903\/tab\/36937_tour-del-mondo-indigeno-e-archeologico-messicano-tour-partenza-garantita-a-date-fisse.html\" target=\"_blank\" rel=\"noopener\"><button class=\"price\"> 2489<\/button><\/a>\n\t\t\t\t\t\t\t<\/div>\n\t\t\t\t\t\t\t\t\t\t\t<\/div>\n\t\t\t\t<\/div>\n\t\t\t<\/li>\n\t\t\t\t<\/ul>\n<\/div>\n<style type=\"text\/css\" media=\"all\">.feedzy-rss .rss_item .rss_image{float:left;position:relative;border:none;text-decoration:none;max-width:100%}.feedzy-rss .rss_item .rss_image span{display:inline-block;position:absolute;width:100%;height:100%;background-position:50%;background-size:cover}.feedzy-rss .rss_item .rss_image{margin:.3em 1em 0 0;content-visibility:auto}.feedzy-rss ul{list-style:none}.feedzy-rss ul li{display:inline-block}<\/style>\n","protected":false},"excerpt":{"rendered":"<p>Il Chiapas \u00e8 uno dei luoghi di interesse pi\u00f9 visitati del Messico meridionale. Qui ci sono molte cose da vedere e generalmente questo stato \u00e8 una tappa dell&#8217;itinerario che parte dallo Yucatan. Una volta arrivati nel Chiapas consigliamo di visitare: San Cristobal, una cittadina del XVI secolo: la Cattedrale de la Asunci\u00f3n e la chiesa <a class=\"moretag\" href=\"https:\/\/messico.evolutiontravel.it\/infovacanze\/cosa-vedere\/chiapas\/\">[&#8230;]<\/a><\/p>\n","protected":false},"author":6,"featured_media":0,"parent":173,"menu_order":0,"comment_status":"closed","ping_status":"closed","template":"templates\/template-with-right-sidebar.php","meta":{"footnotes":""},"yoast_head":"<!-- This site is optimized with the Yoast SEO plugin v21.9.1 - https:\/\/yoast.com\/wordpress\/plugins\/seo\/ -->\n<title>Chiapas, luoghi di interesse e attrazioni - Vacanze in Messico<\/title>\n<meta name=\"description\" content=\"Scopri il Chiapas, ricco di attrazioni e luoghi di interesse da vedere durante la tua vacanza in Messico: partico con Evolution Travel per questa destinazione!\" \/>\n<meta name=\"robots\" content=\"index, follow, max-snippet:-1, max-image-preview:large, max-video-preview:-1\" \/>\n<link rel=\"canonical\" href=\"https:\/\/messico.evolutiontravel.it\/infovacanze\/cosa-vedere\/chiapas\/\" \/>\n<meta property=\"og:locale\" content=\"it_IT\" \/>\n<meta property=\"og:type\" content=\"article\" \/>\n<meta property=\"og:title\" content=\"Chiapas, luoghi di interesse e attrazioni - Vacanze in Messico\" \/>\n<meta property=\"og:description\" content=\"Scopri il Chiapas, ricco di attrazioni e luoghi di interesse da vedere durante la tua vacanza in Messico: partico con Evolution Travel per questa destinazione!\" \/>\n<meta property=\"og:url\" content=\"https:\/\/messico.evolutiontravel.it\/infovacanze\/cosa-vedere\/chiapas\/\" \/>\n<meta property=\"og:site_name\" content=\"Messico\" \/>\n<meta property=\"article:modified_time\" content=\"2019-01-17T14:11:00+00:00\" \/>\n<meta name=\"twitter:label1\" content=\"Tempo di lettura stimato\" \/>\n\t<meta name=\"twitter:data1\" content=\"2 minuti\" \/>\n<script type=\"application\/ld+json\" class=\"yoast-schema-graph\">{\"@context\":\"https:\/\/schema.org\",\"@graph\":[{\"@type\":\"WebPage\",\"@id\":\"https:\/\/messico.evolutiontravel.it\/infovacanze\/cosa-vedere\/chiapas\/\",\"url\":\"https:\/\/messico.evolutiontravel.it\/infovacanze\/cosa-vedere\/chiapas\/\",\"name\":\"Chiapas, luoghi di interesse e attrazioni - Vacanze in Messico\",\"isPartOf\":{\"@id\":\"https:\/\/messico.evolutiontravel.it\/infovacanze\/#website\"},\"datePublished\":\"2018-02-27T09:33:29+00:00\",\"dateModified\":\"2019-01-17T14:11:00+00:00\",\"description\":\"Scopri il Chiapas, ricco di attrazioni e luoghi di interesse da vedere durante la tua vacanza in Messico: partico con Evolution Travel per questa destinazione!\",\"breadcrumb\":{\"@id\":\"https:\/\/messico.evolutiontravel.it\/infovacanze\/cosa-vedere\/chiapas\/#breadcrumb\"},\"inLanguage\":\"it-IT\",\"potentialAction\":[{\"@type\":\"ReadAction\",\"target\":[\"https:\/\/messico.evolutiontravel.it\/infovacanze\/cosa-vedere\/chiapas\/\"]}]},{\"@type\":\"BreadcrumbList\",\"@id\":\"https:\/\/messico.evolutiontravel.it\/infovacanze\/cosa-vedere\/chiapas\/#breadcrumb\",\"itemListElement\":[{\"@type\":\"ListItem\",\"position\":1,\"name\":\"Cosa vedere in Messico\",\"item\":\"https:\/\/messico.evolutiontravel.it\/infovacanze\/cosa-vedere\/\"},{\"@type\":\"ListItem\",\"position\":2,\"name\":\"Chiapas: ecco cosa vedere\"}]},{\"@type\":\"WebSite\",\"@id\":\"https:\/\/messico.evolutiontravel.it\/infovacanze\/#website\",\"url\":\"https:\/\/messico.evolutiontravel.it\/infovacanze\/\",\"name\":\"Messico\",\"description\":\"\",\"potentialAction\":[{\"@type\":\"SearchAction\",\"target\":{\"@type\":\"EntryPoint\",\"urlTemplate\":\"https:\/\/messico.evolutiontravel.it\/infovacanze\/?s={search_term_string}\"},\"query-input\":\"required name=search_term_string\"}],\"inLanguage\":\"it-IT\"}]}<\/script>\n<!-- \/ Yoast SEO plugin. -->","yoast_head_json":{"title":"Chiapas, luoghi di interesse e attrazioni - Vacanze in Messico","description":"Scopri il Chiapas, ricco di attrazioni e luoghi di interesse da vedere durante la tua vacanza in Messico: partico con Evolution Travel per questa destinazione!","robots":{"index":"index","follow":"follow","max-snippet":"max-snippet:-1","max-image-preview":"max-image-preview:large","max-video-preview":"max-video-preview:-1"},"canonical":"https:\/\/messico.evolutiontravel.it\/infovacanze\/cosa-vedere\/chiapas\/","og_locale":"it_IT","og_type":"article","og_title":"Chiapas, luoghi di interesse e attrazioni - Vacanze in Messico","og_description":"Scopri il Chiapas, ricco di attrazioni e luoghi di interesse da vedere durante la tua vacanza in Messico: partico con Evolution Travel per questa destinazione!","og_url":"https:\/\/messico.evolutiontravel.it\/infovacanze\/cosa-vedere\/chiapas\/","og_site_name":"Messico","article_modified_time":"2019-01-17T14:11:00+00:00","twitter_misc":{"Tempo di lettura stimato":"2 minuti"},"schema":{"@context":"https:\/\/schema.org","@graph":[{"@type":"WebPage","@id":"https:\/\/messico.evolutiontravel.it\/infovacanze\/cosa-vedere\/chiapas\/","url":"https:\/\/messico.evolutiontravel.it\/infovacanze\/cosa-vedere\/chiapas\/","name":"Chiapas, luoghi di interesse e attrazioni - Vacanze in Messico","isPartOf":{"@id":"https:\/\/messico.evolutiontravel.it\/infovacanze\/#website"},"datePublished":"2018-02-27T09:33:29+00:00","dateModified":"2019-01-17T14:11:00+00:00","description":"Scopri il Chiapas, ricco di attrazioni e luoghi di interesse da vedere durante la tua vacanza in Messico: partico con Evolution Travel per questa destinazione!","breadcrumb":{"@id":"https:\/\/messico.evolutiontravel.it\/infovacanze\/cosa-vedere\/chiapas\/#breadcrumb"},"inLanguage":"it-IT","potentialAction":[{"@type":"ReadAction","target":["https:\/\/messico.evolutiontravel.it\/infovacanze\/cosa-vedere\/chiapas\/"]}]},{"@type":"BreadcrumbList","@id":"https:\/\/messico.evolutiontravel.it\/infovacanze\/cosa-vedere\/chiapas\/#breadcrumb","itemListElement":[{"@type":"ListItem","position":1,"name":"Cosa vedere in Messico","item":"https:\/\/messico.evolutiontravel.it\/infovacanze\/cosa-vedere\/"},{"@type":"ListItem","position":2,"name":"Chiapas: ecco cosa vedere"}]},{"@type":"WebSite","@id":"https:\/\/messico.evolutiontravel.it\/infovacanze\/#website","url":"https:\/\/messico.evolutiontravel.it\/infovacanze\/","name":"Messico","description":"","potentialAction":[{"@type":"SearchAction","target":{"@type":"EntryPoint","urlTemplate":"https:\/\/messico.evolutiontravel.it\/infovacanze\/?s={search_term_string}"},"query-input":"required name=search_term_string"}],"inLanguage":"it-IT"}]}},"_links":{"self":[{"href":"https:\/\/messico.evolutiontravel.it\/infovacanze\/wp-json\/wp\/v2\/pages\/470"}],"collection":[{"href":"https:\/\/messico.evolutiontravel.it\/infovacanze\/wp-json\/wp\/v2\/pages"}],"about":[{"href":"https:\/\/messico.evolutiontravel.it\/infovacanze\/wp-json\/wp\/v2\/types\/page"}],"author":[{"embeddable":true,"href":"https:\/\/messico.evolutiontravel.it\/infovacanze\/wp-json\/wp\/v2\/users\/6"}],"replies":[{"embeddable":true,"href":"https:\/\/messico.evolutiontravel.it\/infovacanze\/wp-json\/wp\/v2\/comments?post=470"}],"version-history":[{"count":4,"href":"https:\/\/messico.evolutiontravel.it\/infovacanze\/wp-json\/wp\/v2\/pages\/470\/revisions"}],"predecessor-version":[{"id":585,"href":"https:\/\/messico.evolutiontravel.it\/infovacanze\/wp-json\/wp\/v2\/pages\/470\/revisions\/585"}],"up":[{"embeddable":true,"href":"https:\/\/messico.evolutiontravel.it\/infovacanze\/wp-json\/wp\/v2\/pages\/173"}],"wp:attachment":[{"href":"https:\/\/messico.evolutiontravel.it\/infovacanze\/wp-json\/wp\/v2\/media?parent=470"}],"curies":[{"name":"wp","href":"https:\/\/api.w.org\/{rel}","templated":true}]}}