{"id":173,"date":"2017-03-20T11:25:00","date_gmt":"2017-03-20T10:25:00","guid":{"rendered":"http:\/\/messico.evolutiontravel.it\/infovacanze\/?page_id=173"},"modified":"2019-01-22T09:47:19","modified_gmt":"2019-01-22T08:47:19","slug":"cosa-vedere","status":"publish","type":"page","link":"https:\/\/messico.evolutiontravel.it\/infovacanze\/cosa-vedere\/","title":{"rendered":"Cosa vedere in Messico"},"content":{"rendered":"<p>Il <strong>Messico si estende per 1.973.000 km\u00b2<\/strong> quindi puoi immaginare <strong>quante cose ci sono da vedere qui<\/strong>, quindi \u00e8 scegliere prima la zona delle vacanze e in base ai giorni a disposizione prenotare <strong>tour ed escursioni<\/strong>. Sicuramente tra le zone pi\u00f9 gettonate troviamo <strong>Riviera Maya<\/strong>, <strong>Chiapas<\/strong>, <strong>Yucatan<\/strong>, <strong>Cozumel<\/strong> e altre.<\/p>\n<p>Clicca sulla <strong>destinazione<\/strong> per conoscerne le attrazioni:<\/p>\n<ul>\n<li><a title=\"chiapas\" href=\"https:\/\/messico.evolutiontravel.it\/infovacanze\/cosa-vedere\/chiapas\/\">Cosa vedere nel <strong>Chiapas<\/strong><\/a><\/li>\n<li><a title=\"riviera maya\" href=\"https:\/\/messico.evolutiontravel.it\/infovacanze\/cosa-vedere\/riviera-maya\/\">Cosa vedere nella <strong>Riviera Maya<\/strong><\/a><\/li>\n<li><a title=\"yucatan\" href=\"https:\/\/messico.evolutiontravel.it\/infovacanze\/cosa-vedere\/yucatan\/\">Cosa vedere nello <strong>Yucatan<\/strong><\/a><\/li>\n<li><a title=\"oxaca\" href=\"https:\/\/messico.evolutiontravel.it\/infovacanze\/cosa-vedere\/oaxaca\/\">Cosa vedere a <strong>Oxaca<\/strong><\/a><\/li>\n<li><a title=\"cancun\" href=\"https:\/\/messico.evolutiontravel.it\/infovacanze\/cosa-vedere\/cancun\/\">Visitare <strong>Cancun<\/strong>: attrazioni e spiagge<\/a><\/li>\n<li><a title=\"villahermosa\" href=\"https:\/\/messico.evolutiontravel.it\/infovacanze\/cosa-vedere\/villahermosa\/\"><strong>Villahermosa<\/strong><\/a><\/li>\n<li><a title=\"campeche\" href=\"https:\/\/messico.evolutiontravel.it\/infovacanze\/cosa-vedere\/campeche\/\"><strong>Campeche<\/strong><\/a><\/li>\n<li><a title=\"vallodolid\" href=\"https:\/\/messico.evolutiontravel.it\/infovacanze\/cosa-vedere\/valladolid\/\"><strong>Vallodolid<\/strong><\/a><\/li>\n<li><a title=\"citt\u00e0 del messico\" href=\"https:\/\/messico.evolutiontravel.it\/infovacanze\/cosa-vedere\/citta-del-messico\/\"><strong>Citt\u00e0 del Messico<\/strong><\/a><\/li>\n<\/ul>\n<p>Un&#8217;altra possibilit\u00e0 \u00e8 fare una <strong>vacanza tematica<\/strong>, il Messico si presta perfettamente per questo tipo di viaggio:<\/p>\n<ul>\n<li>per chi ama <a title=\"messico mare spiagge\" href=\"https:\/\/messico.evolutiontravel.it\/infovacanze\/cosa-vedere\/spiagge\/\"><strong>mare e spiagge<\/strong> <\/a><\/li>\n<li>se vuoi visitare<a title=\"siti maya messico\" href=\"https:\/\/messico.evolutiontravel.it\/infovacanze\/informazioni\/siti-archeologici\/\"><strong> i siti archeologici<\/strong><\/a><\/li>\n<li>per chi vuole fare escursioni nella <a title=\"messico natura\" href=\"https:\/\/messico.evolutiontravel.it\/infovacanze\/cosa-vedere\/biosfera\/\"><strong>natura<\/strong><\/a> e magari tuffandosi nei <a title=\"messico cenotes\" href=\"https:\/\/messico.evolutiontravel.it\/infovacanze\/cosa-vedere\/cenotes\/\"><strong>famosi cenotes<\/strong><\/a><strong><br \/>\n<\/strong><\/li>\n<li><strong>andare per musei<\/strong> se vuoi scoprire tradizioni, usi e costumi.<\/li>\n<\/ul>\n<p>&nbsp;<\/p>\n<h3 style=\"text-align: center\">&#8220;<span style=\"color: #008000\">SPECIALE MESSICO<\/span>&#8221; di Evolution Travel<\/h3>\n<p style=\"text-align: center\"><span style=\"color: #339966\"><strong>CLICCA E SCOPRI<\/strong><\/span>: <strong>programma<\/strong> dettagliato, <strong>commenti<\/strong> dei turisti, <strong>tante foto<\/strong>, <strong>destinazioni<\/strong> e altro ancora!<\/p>\n<p style=\"text-align: left\"><div class=\"feedzy-4bb5a8d7fdf5567e106e41208473dc2a feedzy-rss\"><ul>Feed has no items.<\/ul> <\/div><\/p>\n<p style=\"text-align: center\"><span style=\"color: #008000\"><a style=\"color: #008000\" href=\"https:\/\/messico.evolutiontravel.it\/it_IT\/903\/searchresults\/1.html\"><strong>Guarda tutte le offerte<\/strong><\/a><\/span><\/p>\n<p>Il Messico \u00e8 <strong>mare, archeologia e storia<\/strong>: un mix di attrazioni che sanno accogliere le pi\u00f9 disparate esigenze di cultura, svago e relax dei viaggiatori.<\/p>\n<p>Prendiamo ad <strong>esempio Canc\u00fan<\/strong>: oltre alle spiagge e al mare cristallino c\u2019\u00e8 molto altro, questa citt\u00e0 \u00e8 il varco di accesso perfetto per introdursi nella storia dell\u2019antica civilt\u00e0 maya. Nelle immediate vicinanze ci sono il<strong> Tempio Maya<\/strong> dedicato a Ixchel, la <strong>Zona Arqueol\u00f3gica El Rey<\/strong> e <strong>Yamil Lu\u2019um<\/strong>.<\/p>\n<p>Tulum \u00e8 un\u2019altra roccaforte di quell\u2019epoca: situata nella parte pi\u00f9 meridionale della Riviera Maya. Le rovine si stagliano a picco sul mare, con <strong>El Castillo<\/strong> a far da guardiano secolare del territorio, al di sotto una distesa d\u2019acqua, spiagge di sabbia finissima e vegetazione.<\/p>\n<p>Un tour del Messico verso le mete pi\u00f9 belle potrebbe poi toccare <strong>Guadalajara<\/strong>, seconda citt\u00e0 del paese ed elegante centro urbano, con parchi, monumenti, chiese e musei.<\/p>\n<p>Se invece pensate a <strong>luoghi vocati per eccellenza al mare<\/strong>, sole, spiagge e divertimenti: Cabo San Lucas, Puerto Vallarta, Playa del Carmen e Acapulco.<\/p>\n<p><strong>Un discorso a parte merita poi Cozumel<\/strong>: un\u2019isola che pu\u00f2 essere visitata anche in un solo giorno. Vivacissima e sempre ricca di eventi, conserva anch\u2019essa testimonianze delle antiche civilt\u00e0 Maya.<\/p>\n","protected":false},"excerpt":{"rendered":"<p>Il Messico si estende per 1.973.000 km\u00b2 quindi puoi immaginare quante cose ci sono da vedere qui, quindi \u00e8 scegliere prima la zona delle vacanze e in base ai giorni a disposizione prenotare tour ed escursioni. Sicuramente tra le zone pi\u00f9 gettonate troviamo Riviera Maya, Chiapas, Yucatan, Cozumel e altre. Clicca sulla destinazione per conoscerne <a class=\"moretag\" href=\"https:\/\/messico.evolutiontravel.it\/infovacanze\/cosa-vedere\/\">[&#8230;]<\/a><\/p>\n","protected":false},"author":6,"featured_media":0,"parent":0,"menu_order":0,"comment_status":"closed","ping_status":"closed","template":"templates\/template-with-right-sidebar.php","meta":{"footnotes":""},"yoast_head":"<!-- This site is optimized with the Yoast SEO plugin v21.9.1 - https:\/\/yoast.com\/wordpress\/plugins\/seo\/ -->\n<title>Messico: cosa non perdersi in vacanza - Luoghi e attrazioni<\/title>\n<meta name=\"description\" content=\"Leggi il nostro articolo per scoprire cosa c&#039;\u00e8 da vedere in Messico: citt\u00e0, siti archeologici, spiagge e molto altro! Parti grazie alle nostre offerte!\" \/>\n<meta name=\"robots\" content=\"index, follow, max-snippet:-1, max-image-preview:large, max-video-preview:-1\" \/>\n<link rel=\"canonical\" href=\"https:\/\/messico.evolutiontravel.it\/infovacanze\/cosa-vedere\/\" \/>\n<meta property=\"og:locale\" content=\"it_IT\" \/>\n<meta property=\"og:type\" content=\"article\" \/>\n<meta property=\"og:title\" content=\"Messico: cosa non perdersi in vacanza - Luoghi e attrazioni\" \/>\n<meta property=\"og:description\" content=\"Leggi il nostro articolo per scoprire cosa c&#039;\u00e8 da vedere in Messico: citt\u00e0, siti archeologici, spiagge e molto altro! Parti grazie alle nostre offerte!\" \/>\n<meta property=\"og:url\" content=\"https:\/\/messico.evolutiontravel.it\/infovacanze\/cosa-vedere\/\" \/>\n<meta property=\"og:site_name\" content=\"Messico\" \/>\n<meta property=\"article:modified_time\" content=\"2019-01-22T08:47:19+00:00\" \/>\n<meta name=\"twitter:label1\" content=\"Tempo di lettura stimato\" \/>\n\t<meta name=\"twitter:data1\" content=\"2 minuti\" \/>\n<script type=\"application\/ld+json\" class=\"yoast-schema-graph\">{\"@context\":\"https:\/\/schema.org\",\"@graph\":[{\"@type\":\"WebPage\",\"@id\":\"https:\/\/messico.evolutiontravel.it\/infovacanze\/cosa-vedere\/\",\"url\":\"https:\/\/messico.evolutiontravel.it\/infovacanze\/cosa-vedere\/\",\"name\":\"Messico: cosa non perdersi in vacanza - Luoghi e attrazioni\",\"isPartOf\":{\"@id\":\"https:\/\/messico.evolutiontravel.it\/infovacanze\/#website\"},\"datePublished\":\"2017-03-20T10:25:00+00:00\",\"dateModified\":\"2019-01-22T08:47:19+00:00\",\"description\":\"Leggi il nostro articolo per scoprire cosa c'\u00e8 da vedere in Messico: citt\u00e0, siti archeologici, spiagge e molto altro! Parti grazie alle nostre offerte!\",\"inLanguage\":\"it-IT\",\"potentialAction\":[{\"@type\":\"ReadAction\",\"target\":[\"https:\/\/messico.evolutiontravel.it\/infovacanze\/cosa-vedere\/\"]}]},{\"@type\":\"WebSite\",\"@id\":\"https:\/\/messico.evolutiontravel.it\/infovacanze\/#website\",\"url\":\"https:\/\/messico.evolutiontravel.it\/infovacanze\/\",\"name\":\"Messico\",\"description\":\"\",\"potentialAction\":[{\"@type\":\"SearchAction\",\"target\":{\"@type\":\"EntryPoint\",\"urlTemplate\":\"https:\/\/messico.evolutiontravel.it\/infovacanze\/?s={search_term_string}\"},\"query-input\":\"required name=search_term_string\"}],\"inLanguage\":\"it-IT\"}]}<\/script>\n<!-- \/ Yoast SEO plugin. -->","yoast_head_json":{"title":"Messico: cosa non perdersi in vacanza - Luoghi e attrazioni","description":"Leggi il nostro articolo per scoprire cosa c'\u00e8 da vedere in Messico: citt\u00e0, siti archeologici, spiagge e molto altro! Parti grazie alle nostre offerte!","robots":{"index":"index","follow":"follow","max-snippet":"max-snippet:-1","max-image-preview":"max-image-preview:large","max-video-preview":"max-video-preview:-1"},"canonical":"https:\/\/messico.evolutiontravel.it\/infovacanze\/cosa-vedere\/","og_locale":"it_IT","og_type":"article","og_title":"Messico: cosa non perdersi in vacanza - Luoghi e attrazioni","og_description":"Leggi il nostro articolo per scoprire cosa c'\u00e8 da vedere in Messico: citt\u00e0, siti archeologici, spiagge e molto altro! Parti grazie alle nostre offerte!","og_url":"https:\/\/messico.evolutiontravel.it\/infovacanze\/cosa-vedere\/","og_site_name":"Messico","article_modified_time":"2019-01-22T08:47:19+00:00","twitter_misc":{"Tempo di lettura stimato":"2 minuti"},"schema":{"@context":"https:\/\/schema.org","@graph":[{"@type":"WebPage","@id":"https:\/\/messico.evolutiontravel.it\/infovacanze\/cosa-vedere\/","url":"https:\/\/messico.evolutiontravel.it\/infovacanze\/cosa-vedere\/","name":"Messico: cosa non perdersi in vacanza - Luoghi e attrazioni","isPartOf":{"@id":"https:\/\/messico.evolutiontravel.it\/infovacanze\/#website"},"datePublished":"2017-03-20T10:25:00+00:00","dateModified":"2019-01-22T08:47:19+00:00","description":"Leggi il nostro articolo per scoprire cosa c'\u00e8 da vedere in Messico: citt\u00e0, siti archeologici, spiagge e molto altro! Parti grazie alle nostre offerte!","inLanguage":"it-IT","potentialAction":[{"@type":"ReadAction","target":["https:\/\/messico.evolutiontravel.it\/infovacanze\/cosa-vedere\/"]}]},{"@type":"WebSite","@id":"https:\/\/messico.evolutiontravel.it\/infovacanze\/#website","url":"https:\/\/messico.evolutiontravel.it\/infovacanze\/","name":"Messico","description":"","potentialAction":[{"@type":"SearchAction","target":{"@type":"EntryPoint","urlTemplate":"https:\/\/messico.evolutiontravel.it\/infovacanze\/?s={search_term_string}"},"query-input":"required name=search_term_string"}],"inLanguage":"it-IT"}]}},"_links":{"self":[{"href":"https:\/\/messico.evolutiontravel.it\/infovacanze\/wp-json\/wp\/v2\/pages\/173"}],"collection":[{"href":"https:\/\/messico.evolutiontravel.it\/infovacanze\/wp-json\/wp\/v2\/pages"}],"about":[{"href":"https:\/\/messico.evolutiontravel.it\/infovacanze\/wp-json\/wp\/v2\/types\/page"}],"author":[{"embeddable":true,"href":"https:\/\/messico.evolutiontravel.it\/infovacanze\/wp-json\/wp\/v2\/users\/6"}],"replies":[{"embeddable":true,"href":"https:\/\/messico.evolutiontravel.it\/infovacanze\/wp-json\/wp\/v2\/comments?post=173"}],"version-history":[{"count":48,"href":"https:\/\/messico.evolutiontravel.it\/infovacanze\/wp-json\/wp\/v2\/pages\/173\/revisions"}],"predecessor-version":[{"id":610,"href":"https:\/\/messico.evolutiontravel.it\/infovacanze\/wp-json\/wp\/v2\/pages\/173\/revisions\/610"}],"wp:attachment":[{"href":"https:\/\/messico.evolutiontravel.it\/infovacanze\/wp-json\/wp\/v2\/media?parent=173"}],"curies":[{"name":"wp","href":"https:\/\/api.w.org\/{rel}","templated":true}]}}